{"id":11502,"date":"2019-03-21T15:20:48","date_gmt":"2019-03-21T20:20:48","guid":{"rendered":"https:\/\/soportehys.com\/web\/?page_id=11502"},"modified":"2024-04-05T08:24:31","modified_gmt":"2024-04-05T13:24:31","slug":"nuestro-colegio","status":"publish","type":"page","link":"https:\/\/colsami.edu.co\/web\/nuestro-colegio\/","title":{"rendered":"Nuestro Colegio"},"content":{"rendered":"<div class=\"wpb-content-wrapper\"><p>[vc_row][vc_column]<div class=\"thim-widget-heading template-base\"><div class=\"sc_heading  text-center\"><h3 style=\"font-size:35px;font-weight:600;\" class=\"title\">Informaci\u00f3n <strong>Institucional<\/strong><\/h3><\/div><\/div>[\/vc_column][\/vc_row][vc_row css=&#8221;.vc_custom_1559531433775{margin-bottom: 15px !important;}&#8221;][vc_column width=&#8221;5\/12&#8243; css=&#8221;.vc_custom_1553219212365{margin-bottom: 30px !important;}&#8221;][vc_column_text]<\/p>\n<h3 class=\"thim-text-title\">Misi\u00f3n<\/h3>\n<p>La Instituci\u00f3n Educativa San Miguel ofrece a la comunidad una educaci\u00f3n incluyente de calidad, en lo acad\u00e9mico, agropecuario, investigativo, en todas las dimensiones de la persona tanto en valores como espirituales; en un ambiente id\u00f3neo de trabajo armonioso-colaborativo que garantice el desarrollo de competencias acad\u00e9micas y agropecuarias utilizando las tics y la herramientas t\u00e9cnico-agropecuarias; con\u00a0 respeto por su vida sexual, reproductiva y por el medio ambiente, formando excelentes ciudadanos y ciudadanas que contribuyan a la construcci\u00f3n de una sociedad m\u00e1s justa y tolerante.[\/vc_column_text][\/vc_column][vc_column width=&#8221;7\/12&#8243; css=&#8221;.vc_custom_1553219224890{margin-bottom: 30px !important;}&#8221;][vc_column_text]<\/p>\n<h3 class=\"thim-text-title\">Visi\u00f3n<\/h3>\n<p>La Instituci\u00f3n Educativa San Miguel, ser\u00e1 reconocida por su calidad en la formaci\u00f3n de ni\u00f1os, ni\u00f1as y adolescentes en valores, cr\u00edtica, aut\u00f3noma, anal\u00edtica y competente en actividades agropecuarias, con sensibilidad social, respeto por el medio ambiente y comprometidos con el desarrollo de sus comunidades y la regi\u00f3n, siendo personas \u00edntegras y responsables con liderazgo en la b\u00fasqueda constante de la excelencia mediante la aplicaci\u00f3n del mejoramiento continuo.[\/vc_column_text][\/vc_column][\/vc_row][vc_row][vc_column][vc_tta_tabs][vc_tta_section title=&#8221;OBJETIVOS Y VALORES&#8221; tab_id=&#8221;1553201553639-a4a157b2-0618&#8243;][vc_column_text]<\/p>\n<h3 class=\"thim-text-title\">Objetivos Institucionales<\/h3>\n<ul class=\"thim-list-content\">\n<li>Ofrecer &#8230;<\/li>\n<\/ul>\n<p>&nbsp;<\/p>\n<h3 class=\"thim-text-title\">Valores Institucionales<\/h3>\n<p>Como ejes articuladores\u00a0 los siguientes valores:<\/p>\n<ul class=\"thim-list-content\">\n<li><strong>La Justicia<\/strong>: ssssss.<\/li>\n<\/ul>\n<p>[\/vc_column_text][\/vc_tta_section][vc_tta_section title=&#8221;FILOSOF\u00cdA Y PRINCIPIOS&#8221; tab_id=&#8221;1553201553661-4cb8a9a4-11b5&#8243;][vc_column_text]<\/p>\n<h3 class=\"thim-text-title\">Filosof\u00eda y Principios Institucionales<\/h3>\n<p>La Filosof\u00eda de la Instituci\u00f3n &#8230;<\/p>\n<ul class=\"thim-list-content\">\n<li><strong>La Cultura, La Ciencia y la Tecnolog\u00eda <\/strong><\/li>\n<\/ul>\n<p>Proyecto Transversal.<\/p>\n<ul class=\"thim-list-content\">\n<li><strong>La Democracia, Ciudadan\u00eda y el Respeto por la Diversidad y la Vida<\/strong><\/li>\n<\/ul>\n<p>Ciencias Sociales, \u00c9tica, Religi\u00f3n.<\/p>\n<ul class=\"thim-list-content\">\n<li><strong>El Cuidado del Ambiente y el Respeto por los Derechos de los Animales<\/strong><\/li>\n<\/ul>\n<p>Ciencias Naturales, Ciencias Sociales, \u00c9tica y Valores, Educaci\u00f3n Religiosa.[\/vc_column_text][\/vc_tta_section][vc_tta_section title=&#8221;POL\u00cdTICA Y OBJETIVOS DE CALIDAD&#8221; tab_id=&#8221;1553202116208-8d028f78-28a5&#8243;][vc_column_text]<\/p>\n<h3 class=\"thim-text-title\">Pol\u00edtica de Calidad<\/h3>\n<p>La Instituci\u00f3n Ovy&#8230;<\/p>\n<h3 class=\"thim-text-title\">Objetivos de Calidad<\/h3>\n<ul class=\"thim-list-content\">\n<li>Requisitos y necesidades de los usuarios<\/li>\n<\/ul>\n<p>[\/vc_column_text][\/vc_tta_section][vc_tta_section title=&#8221;ENFOQUE PEDAG\u00d3GICO&#8221; tab_id=&#8221;1553203450656-a52e943b-1e54&#8243;][vc_column_text]<\/p>\n<h3 class=\"thim-text-title\">Enfoque Pedag\u00f3gico<\/h3>\n<p>El enfoque pedag\u00f3gic&#8230;[\/vc_column_text][\/vc_tta_section][\/vc_tta_tabs][\/vc_column][\/vc_row][vc_row css=&#8221;.vc_custom_1712323468346{background-color: #a4ef81 !important;}&#8221;][vc_column][vc_row_inner][vc_column_inner]<div class=\"thim-widget-heading template-base\"><div class=\"sc_heading  text-center\"><h3 class=\"title\"><strong>Himno<\/strong> Institucional<\/h3><span class=\"line\"><\/span><\/div><\/div>[\/vc_column_inner][\/vc_row_inner][vc_row_inner][vc_column_inner width=&#8221;1\/2&#8243;]<div class=\"thim-widget-heading template-base\"><div class=\"sc_heading  text-center\"><h3 class=\"title\">I<\/h3><span class=\"line\"><\/span><\/div><\/div>[vc_column_text]<\/p>\n<div style=\"text-align: center;\">Eres un sol de amor<br \/>\nDurmiendo entre mis ojos<br \/>\nUn himno a la esperanza<br \/>\nUn \u00e1ngel valeroso<br \/>\nSu nombre as\u00ed se canta:<br \/>\nColegio San Miguel (Bis)<\/div>\n<p>[\/vc_column_text][\/vc_column_inner][vc_column_inner width=&#8221;1\/2&#8243;]<div class=\"thim-widget-heading template-base\"><div class=\"sc_heading  text-center\"><h3 class=\"title\">CORO<\/h3><span class=\"line\"><\/span><\/div><\/div>[vc_column_text]<\/p>\n<div style=\"text-align: center;\">\n<p>En mi alta cordillera<br \/>\nUn eco lleva el viento<br \/>\nLevantado entre monta\u00f1as<br \/>\nEres mi m\u00e1s bello sue\u00f1o<br \/>\nCon tinta entre mis dedos<br \/>\nDesdibujo la ignorancia<br \/>\nSuspendida entre senderos<br \/>\nDe fe, esperanza y democracia.<\/p>\n<\/div>\n<div style=\"text-align: center;\"><\/div>\n<p>[\/vc_column_text][\/vc_column_inner][\/vc_row_inner][vc_row_inner][vc_column_inner width=&#8221;1\/2&#8243;]<div class=\"thim-widget-heading template-base\"><div class=\"sc_heading  text-center\"><h3 class=\"title\">II<\/h3><span class=\"line\"><\/span><\/div><\/div>[vc_column_text]<\/p>\n<div style=\"text-align: center;\">Se acercan los caminos<br \/>\nSe estrechan nuestras manos<br \/>\nDel odio y la violencia<br \/>\nSus voces no escucharon<br \/>\nSe acercan nuestros libros<br \/>\nUn l\u00e1piz mi bandera<br \/>\nLa paz nos hace libres.<\/div>\n<p>[\/vc_column_text][\/vc_column_inner][vc_column_inner width=&#8221;1\/2&#8243;]<div class=\"thim-widget-heading template-base\"><div class=\"sc_heading  text-center\"><h3 class=\"title\">III<\/h3><span class=\"line\"><\/span><\/div><\/div>[vc_column_text]<\/p>\n<div style=\"text-align: center;\">Se acercan los caminos<br \/>\nSe estrechan nuestras manos<br \/>\nEl odio y la violencia<br \/>\nOh raza Hacaritama<br \/>\nCacique de recuerdos y ancestros que vivieron<br \/>\nMil guerras y batallas<br \/>\nY es el orgullo nuestro<br \/>\nEl amor por nuestra tierra<br \/>\nOh raza Hacaritama.<\/div>\n<p>[\/vc_column_text][\/vc_column_inner][\/vc_row_inner][\/vc_column][\/vc_row]<\/p>\n<\/div>","protected":false},"excerpt":{"rendered":"<p>[vc_row][vc_column][\/vc_column][\/vc_row][vc_row css=&#8221;.vc_custom_1559531433775{margin-bottom: 15px !important;}&#8221;][vc_column width=&#8221;5\/12&#8243; css=&#8221;.vc_custom_1553219212365{margin-bottom: 30px !important;}&#8221;][vc_column_text] Misi\u00f3n La Instituci\u00f3n Educativa San Miguel ofrece a la comunidad una educaci\u00f3n incluyente de calidad, en lo acad\u00e9mico, agropecuario, investigativo, en todas las dimensiones de la persona tanto en valores como espirituales; &hellip; <\/p>\n","protected":false},"author":1,"featured_media":0,"parent":0,"menu_order":0,"comment_status":"closed","ping_status":"closed","template":"","meta":{"footnotes":""},"class_list":["post-11502","page","type-page","status-publish","hentry"],"_links":{"self":[{"href":"https:\/\/colsami.edu.co\/web\/wp-json\/wp\/v2\/pages\/11502","targetHints":{"allow":["GET"]}}],"collection":[{"href":"https:\/\/colsami.edu.co\/web\/wp-json\/wp\/v2\/pages"}],"about":[{"href":"https:\/\/colsami.edu.co\/web\/wp-json\/wp\/v2\/types\/page"}],"author":[{"embeddable":true,"href":"https:\/\/colsami.edu.co\/web\/wp-json\/wp\/v2\/users\/1"}],"replies":[{"embeddable":true,"href":"https:\/\/colsami.edu.co\/web\/wp-json\/wp\/v2\/comments?post=11502"}],"version-history":[{"count":10,"href":"https:\/\/colsami.edu.co\/web\/wp-json\/wp\/v2\/pages\/11502\/revisions"}],"predecessor-version":[{"id":12060,"href":"https:\/\/colsami.edu.co\/web\/wp-json\/wp\/v2\/pages\/11502\/revisions\/12060"}],"wp:attachment":[{"href":"https:\/\/colsami.edu.co\/web\/wp-json\/wp\/v2\/media?parent=11502"}],"curies":[{"name":"wp","href":"https:\/\/api.w.org\/{rel}","templated":true}]}}